{"id":2708,"date":"2020-04-16T11:24:15","date_gmt":"2020-04-16T09:24:15","guid":{"rendered":"http:\/\/www.soniabenages.com\/holi-soy-la-loli\/"},"modified":"2020-05-03T17:55:33","modified_gmt":"2020-05-03T15:55:33","slug":"holi-soy-la-loli","status":"publish","type":"page","link":"https:\/\/www.soniabenages.com\/en\/holi-soy-la-loli\/","title":{"rendered":"\u00a1Holi! Soy la Loli"},"content":{"rendered":"<p>[vc_row css_animation=&#8221;&#8221; row_type=&#8221;row&#8221; use_row_as_full_screen_section=&#8221;no&#8221; type=&#8221;full_width&#8221; angled_section=&#8221;no&#8221; text_align=&#8221;left&#8221; background_image_as_pattern=&#8221;without_pattern&#8221;][vc_column]<div class=\"qode-split-scrolling-section\">\n    <div class=\"qode-sss-ms-left\"><div class=\"qode-sss-ms-section lazyload\"  style=\"background-image:inherit;text-align: left\" data-bg-image=\"url(https:\/\/www.soniabenages.com\/wp-content\/uploads\/2020\/04\/sbenages-loli.jpg)\">\n\t<\/div><\/div><div class=\"qode-sss-ms-right\"><div class=\"qode-sss-ms-section\"  style=\"padding: 5%;text-align: left\">\n\t[vc_single_image image=&#8221;2671&#8243; img_size=&#8221;full&#8221; alignment=&#8221;center&#8221; qode_css_animation=&#8221;&#8221;][vc_column_text]<\/p>\n<p style=\"text-align: justify;\"><span style=\"color: #e25db0;\"><strong><em>\u201c\u00a1Holi! Soy La Loli\u201d<\/em><\/strong><\/span>, as\u00ed es como se presenta el <strong>personaje de humor y animaci\u00f3n<\/strong> que Sonia Benages lleva interpretando desde 2015. Su objetivo es <strong>transmitir al p\u00fablico la importancia de<\/strong> <strong>ser fiel a nuestro interior <\/strong>y decidir libremente c\u00f3mo queremos vivir sin importar nada m\u00e1s que lo que sentimos. Eso s\u00ed, como bien dice su lema, hay que vivir\u2026<span style=\"color: #e25db0;\"><strong><em>\u00a1Con T\u00f3 El Shishi!<\/em><\/strong><\/span><strong><em>.<\/em><\/strong><\/p>\n<p style=\"text-align: justify;\">La historia \u201cficticia\u201d de <em>La Loli<\/em> empieza cuando <strong>sus padrinos art\u00edsticos, <\/strong><span style=\"color: #e25db0;\"><strong>Miguel \u2018<em>El Sevilla\u2019<\/em> y <em>Los Mojinos Escoc\u00edos<\/em><\/strong><\/span> le proponen que cree <strong>un videoblog en Youtube <\/strong>donde comparta sus locuras. Ella sigue su consejo y le proponen <strong>protagonizar el videoclip de <\/strong><a href=\"https:\/\/www.youtube.com\/watch?v=RCNX0KVdXso\" target=\"_blank\" rel=\"noopener noreferrer\"><strong><em><span style=\"text-decoration: underline;\"><span style=\"color: #e25db0; text-decoration: underline;\">Caroline<\/span><\/span><\/em><\/strong><\/a><strong>, el single del grupo <\/strong>que ya acumula <strong>m\u00e1s de 350.000 visitas <\/strong>en Internet.<strong>\u2028<\/strong><\/p>\n<p style=\"text-align: justify;\">Tras varios a\u00f1os como <em>Youtuber<\/em> compartiendo su alegr\u00eda y su admiraci\u00f3n por <strong>Manolo Escobar<\/strong> y Concha Velasco, el personaje de <em>La Loli<\/em> da un paso m\u00e1s gracias a su <strong>participaci\u00f3n en el concurso de televisi\u00f3n <\/strong><strong><em><span style=\"color: #e25db0;\">Got Talent<\/span>, <\/em><\/strong>donde presenta sus propias canciones, producidas por <em>Kitflus<\/em>, el <strong>productor de Serrat<\/strong>. En la 1\u00aaFase interpreta <span style=\"text-decoration: underline;\"><span style=\"color: #e25db0;\"><a style=\"color: #e25db0;\" href=\"https:\/\/open.spotify.com\/track\/458MixTqi7CClubOAPqtVh?si=J11LB9c3RdGUhOTpzrnRdw\" target=\"_blank\" rel=\"noopener noreferrer\"><strong><em>Me Tienes En El Bote<\/em><\/strong><\/a><\/span><\/span> y se la dedica a Risto Mejide, a quien enamora y la define como \u201c<strong>una aut\u00e9ntica artista de revista cabaretera\u201d<\/strong>. El personaje consigue ser <strong>Semifinalista del programa <\/strong>donde presenta otra de sus propias canciones, <span style=\"text-decoration: underline; color: #ff00ff;\"><a style=\"color: #e25db0;\" href=\"https:\/\/open.spotify.com\/track\/01pfSv6yX93fQRwzo6Kcbw?si=MG7S3WSsR0emutfpLKQJyQ\"><strong><em>Bonita Soy<\/em><\/strong><\/a><\/span><em>, <\/em>cosechando un <strong>gran \u00e9xito entre el p\u00fablico<\/strong>. De nuevo, <em>La Loli <\/em>conquista al jurado: <strong>\u201ctienes tanto desparpajo que cuando est\u00e1s en el escenario no podemos dejar de mirarte\u201d. <\/strong><strong>\u2028<\/strong><\/p>\n<p style=\"text-align: justify;\">Despu\u00e9s de la <strong>excelente repercusi\u00f3n<\/strong> del programa, <em>La Loli<\/em> lanza su propia <strong><span style=\"color: #e25db0;\">l\u00ednea de camisetas, <\/span><em><span style=\"color: #e25db0;\">#BonitaSoy<\/span>,<\/em><\/strong> destinada a todas esas personas bonitas independientemente de su g\u00e9nero, raza o condici\u00f3n. Tambi\u00e9n colabora en el divertido <strong>magazine televisivo<\/strong> <span style=\"color: #e25db0;\"><strong><em>Ailoviu<\/em><\/strong><\/span>, programa que presenta <span style=\"text-decoration: underline;\"><span style=\"color: #e25db0;\"><a style=\"color: #e25db0;\" href=\"https:\/\/www.youtube.com\/watch?v=4lGxuKMdAL8\" target=\"_blank\" rel=\"noopener noreferrer\"><strong>Antonio Hidalgo<\/strong><\/a><\/span><\/span>\u00a0en <em>La7TV<\/em> de Murcia.<\/p>\n<p style=\"text-align: justify;\">Y gracias a la trayectoria profesional de Sonia, <strong><em>La Loli<\/em> presenta el <\/strong><span style=\"color: #e25db0;\"><strong><em>MAC Festival<\/em><\/strong> <\/span><strong>dentro de <\/strong><strong><em><span style=\"color: #e25db0;\">Les Festes de la Merc\u00e8<\/span>, <\/em><\/strong><strong>las fiestas m\u00e1s importantes de Barcelona.<\/strong> Con sus divertidas haza\u00f1as para entretener al p\u00fablico, y frente a m\u00e1s de <span style=\"color: #e25db0;\"><strong>30.0000 espectadores<\/strong><\/span>, Sonia Benages demuestra con el personaje de <em>La Loli <\/em>su <span style=\"color: #e25db0;\"><strong>capacidad de animar a quienes se le pongan por delante.<\/strong><\/span><\/p>\n<p>[\/vc_column_text][vc_column_text]<\/p>\n<p style=\"text-align: center;\"><span class='q_social_icon_holder normal_social' data-color=#000 data-hover-color=#e25db0><a itemprop='url' href='https:\/\/www.facebook.com\/holisoylaloli' target='_blank'><i class=\"qode_icon_font_awesome fa fa-facebook fa-lg simple_social\" style=\"color: #000;margin: 0 10px 0 0;font-size: 25px;\" ><\/i><\/a><\/span> <span class='q_social_icon_holder normal_social' data-color=#000 data-hover-color=#e25db0><a itemprop='url' href='https:\/\/www.twitter.com\/holisoylaloli' target='_blank'><i class=\"qode_icon_font_awesome fa fa-twitter fa-lg simple_social\" style=\"color: #000;margin: 0 10px 0 0;font-size: 25px;\" ><\/i><\/a><\/span> <span class='q_social_icon_holder normal_social' data-color=#000 data-hover-color=#e25db0><a itemprop='url' href='https:\/\/www.youtube.com\/holisoylaloli' target='_blank'><i class=\"qode_icon_font_awesome fa fa-youtube-play fa-lg simple_social\" style=\"color: #000;margin: 0 10px 0 0;font-size: 25px;\" ><\/i><\/a><\/span> <span class='q_social_icon_holder normal_social' data-color=#000 data-hover-color=#e25db0><a itemprop='url' href='https:\/\/www.instagram.com\/holisoylaloli' target='_blank'><i class=\"qode_icon_font_awesome fa fa-instagram fa-lg simple_social\" style=\"color: #000;margin: 0 10px 0 0;font-size: 25px;\" ><\/i><\/a><\/span><\/p>\n<h2 style=\"text-align: center;\"><span style=\"color: #000000;\"><a href=\"http:\/\/www.instagram.com\/holisoylaloli\"><span style=\"color: #000000;\">@HoliSoyLaLoli<\/span><\/a><br \/>\n<\/span><span style=\"color: #ff00ff;\"><a style=\"color: #e25db0;\" href=\"http:\/\/holisoylaloli.com\/\" target=\"_blank\" rel=\"noopener noreferrer\">Visitar Web Oficial<\/a><\/span><\/h2>\n<p>[\/vc_column_text][vc_empty_space height=&#8221;42px&#8221;][vc_video link=&#8221;https:\/\/www.youtube.com\/watch?v=95UVxabr6Yg&#8221; align=&#8221;center&#8221;][vc_empty_space height=&#8221;42px&#8221;][vc_row_inner row_type=&#8221;row&#8221; type=&#8221;full_width&#8221; text_align=&#8221;left&#8221; css_animation=&#8221;&#8221;][vc_column_inner width=&#8221;1\/4&#8243;][vc_single_image image=&#8221;2679&#8243; img_size=&#8221;medium&#8221; alignment=&#8221;center&#8221; onclick=&#8221;custom_link&#8221; img_link_target=&#8221;_blank&#8221; qode_css_animation=&#8221;&#8221; qode_hover_animation=&#8221;zoom_in&#8221; link=&#8221;http:\/\/https:\/\/www.youtube.com\/holisoylaloli&#8221;][\/vc_column_inner][vc_column_inner width=&#8221;1\/4&#8243;][vc_single_image image=&#8221;2681&#8243; img_size=&#8221;medium&#8221; alignment=&#8221;center&#8221; onclick=&#8221;custom_link&#8221; img_link_target=&#8221;_blank&#8221; qode_css_animation=&#8221;&#8221; qode_hover_animation=&#8221;zoom_in&#8221; link=&#8221;https:\/\/www.facebook.com\/watch\/?v=788639384675460&#8243;][\/vc_column_inner][vc_column_inner width=&#8221;1\/4&#8243;][vc_single_image image=&#8221;2683&#8243; img_size=&#8221;medium&#8221; alignment=&#8221;center&#8221; onclick=&#8221;custom_link&#8221; img_link_target=&#8221;_blank&#8221; qode_css_animation=&#8221;&#8221; qode_hover_animation=&#8221;zoom_in&#8221; link=&#8221;https:\/\/www.facebook.com\/holisoylaloli\/videos\/729538507252215\/&#8221;][\/vc_column_inner][vc_column_inner width=&#8221;1\/4&#8243;][vc_single_image image=&#8221;2685&#8243; img_size=&#8221;medium&#8221; alignment=&#8221;center&#8221; onclick=&#8221;custom_link&#8221; img_link_target=&#8221;_blank&#8221; qode_css_animation=&#8221;&#8221; qode_hover_animation=&#8221;zoom_in&#8221; link=&#8221;https:\/\/www.youtube.com\/watch?v=95UVxabr6Yg&#8221;][\/vc_column_inner][\/vc_row_inner][vc_empty_space height=&#8221;42px&#8221;][vc_row_inner row_type=&#8221;row&#8221; type=&#8221;full_width&#8221; text_align=&#8221;left&#8221; css_animation=&#8221;&#8221;][vc_column_inner width=&#8221;1\/4&#8243;][vc_single_image image=&#8221;2775&#8243; img_size=&#8221;medium&#8221; alignment=&#8221;center&#8221; onclick=&#8221;custom_link&#8221; img_link_target=&#8221;_blank&#8221; qode_css_animation=&#8221;&#8221; qode_hover_animation=&#8221;zoom_in&#8221; link=&#8221;http:\/\/https:\/\/www.youtube.com\/holisoylaloli&#8221;][\/vc_column_inner][vc_column_inner width=&#8221;1\/4&#8243;][vc_single_image image=&#8221;2687&#8243; img_size=&#8221;medium&#8221; alignment=&#8221;center&#8221; onclick=&#8221;custom_link&#8221; img_link_target=&#8221;_blank&#8221; qode_css_animation=&#8221;&#8221; qode_hover_animation=&#8221;zoom_in&#8221; link=&#8221;https:\/\/www.youtube.com\/watch?v=RCNX0KVdXso&#8221;][\/vc_column_inner][vc_column_inner width=&#8221;1\/4&#8243;][vc_single_image image=&#8221;2689&#8243; img_size=&#8221;medium&#8221; alignment=&#8221;center&#8221; onclick=&#8221;custom_link&#8221; img_link_target=&#8221;_blank&#8221; qode_css_animation=&#8221;&#8221; qode_hover_animation=&#8221;zoom_in&#8221; link=&#8221;https:\/\/www.youtube.com\/watch?v=6-XM8xPSAk8&amp;feature=youtu.be&#8221;][\/vc_column_inner][vc_column_inner width=&#8221;1\/4&#8243;][vc_single_image image=&#8221;2691&#8243; img_size=&#8221;medium&#8221; alignment=&#8221;center&#8221; onclick=&#8221;custom_link&#8221; img_link_target=&#8221;_blank&#8221; qode_css_animation=&#8221;&#8221; qode_hover_animation=&#8221;zoom_in&#8221; link=&#8221;https:\/\/www.youtube.com\/watch?v=7zjZWxGTdHQ&amp;t=513s&#8221;][\/vc_column_inner][\/vc_row_inner][vc_empty_space height=&#8221;42px&#8221;]<\/div><\/div><\/div>[\/vc_column][\/vc_row][vc_row css_animation=&#8221;&#8221; row_type=&#8221;row&#8221; use_row_as_full_screen_section=&#8221;no&#8221; type=&#8221;full_width&#8221; angled_section=&#8221;no&#8221; text_align=&#8221;left&#8221; background_image_as_pattern=&#8221;without_pattern&#8221;][vc_column offset=&#8221;vc_hidden-lg vc_hidden-md&#8221;][vc_single_image image=&#8221;2668&#8243; img_size=&#8221;full&#8221; alignment=&#8221;right&#8221; qode_css_animation=&#8221;&#8221;][\/vc_column][\/vc_row]<\/p>\n","protected":false},"excerpt":{"rendered":"<p>[vc_row css_animation=&#8221;&#8221; row_type=&#8221;row&#8221; use_row_as_full_screen_section=&#8221;no&#8221; type=&#8221;full_width&#8221; angled_section=&#8221;no&#8221; text_align=&#8221;left&#8221; background_image_as_pattern=&#8221;without_pattern&#8221;][vc_column][\/vc_column][\/vc_row][vc_row css_animation=&#8221;&#8221; row_type=&#8221;row&#8221; use_row_as_full_screen_section=&#8221;no&#8221; type=&#8221;full_width&#8221; angled_section=&#8221;no&#8221; text_align=&#8221;left&#8221; background_image_as_pattern=&#8221;without_pattern&#8221;][vc_column offset=&#8221;vc_hidden-lg vc_hidden-md&#8221;][vc_single_image image=&#8221;2668&#8243; img_size=&#8221;full&#8221; alignment=&#8221;right&#8221; qode_css_animation=&#8221;&#8221;][\/vc_column][\/vc_row]<\/p>\n","protected":false},"author":2,"featured_media":2988,"parent":0,"menu_order":0,"comment_status":"closed","ping_status":"closed","template":"full_width.php","meta":[],"yoast_head":"<!-- This site is optimized with the Yoast SEO plugin v21.1 - https:\/\/yoast.com\/wordpress\/plugins\/seo\/ -->\n<title>\u00a1Holi! Soy la Loli | Sonia Benages<\/title>\n<meta name=\"robots\" content=\"index, follow, max-snippet:-1, max-image-preview:large, max-video-preview:-1\" \/>\n<link rel=\"canonical\" href=\"https:\/\/www.soniabenages.com\/en\/holi-soy-la-loli\/\" \/>\n<meta property=\"og:locale\" content=\"en_US\" \/>\n<meta property=\"og:type\" content=\"article\" \/>\n<meta property=\"og:title\" content=\"\u00a1Holi! Soy la Loli | Sonia Benages\" \/>\n<meta property=\"og:description\" content=\"[vc_row css_animation=&#8221;&#8221; row_type=&#8221;row&#8221; use_row_as_full_screen_section=&#8221;no&#8221; type=&#8221;full_width&#8221; angled_section=&#8221;no&#8221; text_align=&#8221;left&#8221; background_image_as_pattern=&#8221;without_pattern&#8221;][vc_column][\/vc_column][\/vc_row][vc_row css_animation=&#8221;&#8221; row_type=&#8221;row&#8221; use_row_as_full_screen_section=&#8221;no&#8221; type=&#8221;full_width&#8221; angled_section=&#8221;no&#8221; text_align=&#8221;left&#8221; background_image_as_pattern=&#8221;without_pattern&#8221;][vc_column offset=&#8221;vc_hidden-lg vc_hidden-md&#8221;][vc_single_image image=&#8221;2668&#8243; img_size=&#8221;full&#8221; alignment=&#8221;right&#8221; qode_css_animation=&#8221;&#8221;][\/vc_column][\/vc_row]\" \/>\n<meta property=\"og:url\" content=\"https:\/\/www.soniabenages.com\/en\/holi-soy-la-loli\/\" \/>\n<meta property=\"og:site_name\" content=\"Sonia Benages\" \/>\n<meta property=\"article:publisher\" content=\"https:\/\/www.facebook.com\/soniabenages\" \/>\n<meta property=\"article:modified_time\" content=\"2020-05-03T15:55:33+00:00\" \/>\n<meta property=\"og:image\" content=\"https:\/\/www.soniabenages.com\/wp-content\/uploads\/2020\/04\/sbenages-loli.jpg\" \/>\n\t<meta property=\"og:image:width\" content=\"940\" \/>\n\t<meta property=\"og:image:height\" content=\"1300\" \/>\n\t<meta property=\"og:image:type\" content=\"image\/jpeg\" \/>\n<meta name=\"twitter:card\" content=\"summary_large_image\" \/>\n<meta name=\"twitter:site\" content=\"@soniabenages\" \/>\n<meta name=\"twitter:label1\" content=\"Est. reading time\" \/>\n\t<meta name=\"twitter:data1\" content=\"5 minutes\" \/>\n<script type=\"application\/ld+json\" class=\"yoast-schema-graph\">{\"@context\":\"https:\/\/schema.org\",\"@graph\":[{\"@type\":\"WebPage\",\"@id\":\"https:\/\/www.soniabenages.com\/en\/holi-soy-la-loli\/\",\"url\":\"https:\/\/www.soniabenages.com\/en\/holi-soy-la-loli\/\",\"name\":\"\u00a1Holi! Soy la Loli | Sonia Benages\",\"isPartOf\":{\"@id\":\"https:\/\/www.soniabenages.com\/#website\"},\"datePublished\":\"2020-04-16T09:24:15+00:00\",\"dateModified\":\"2020-05-03T15:55:33+00:00\",\"breadcrumb\":{\"@id\":\"https:\/\/www.soniabenages.com\/en\/holi-soy-la-loli\/#breadcrumb\"},\"inLanguage\":\"en-US\",\"potentialAction\":[{\"@type\":\"ReadAction\",\"target\":[\"https:\/\/www.soniabenages.com\/en\/holi-soy-la-loli\/\"]}]},{\"@type\":\"BreadcrumbList\",\"@id\":\"https:\/\/www.soniabenages.com\/en\/holi-soy-la-loli\/#breadcrumb\",\"itemListElement\":[{\"@type\":\"ListItem\",\"position\":1,\"name\":\"Portada\",\"item\":\"https:\/\/www.soniabenages.com\/en\/\"},{\"@type\":\"ListItem\",\"position\":2,\"name\":\"\u00a1Holi! Soy la Loli\"}]},{\"@type\":\"WebSite\",\"@id\":\"https:\/\/www.soniabenages.com\/#website\",\"url\":\"https:\/\/www.soniabenages.com\/\",\"name\":\"Sonia Benages\",\"description\":\"Actriz \u00b7 Cantante \u00b7 ShowWoman \u00b7 Oficiante\",\"potentialAction\":[{\"@type\":\"SearchAction\",\"target\":{\"@type\":\"EntryPoint\",\"urlTemplate\":\"https:\/\/www.soniabenages.com\/?s={search_term_string}\"},\"query-input\":\"required name=search_term_string\"}],\"inLanguage\":\"en-US\"}]}<\/script>\n<!-- \/ Yoast SEO plugin. -->","yoast_head_json":{"title":"\u00a1Holi! Soy la Loli | Sonia Benages","robots":{"index":"index","follow":"follow","max-snippet":"max-snippet:-1","max-image-preview":"max-image-preview:large","max-video-preview":"max-video-preview:-1"},"canonical":"https:\/\/www.soniabenages.com\/en\/holi-soy-la-loli\/","og_locale":"en_US","og_type":"article","og_title":"\u00a1Holi! Soy la Loli | Sonia Benages","og_description":"[vc_row css_animation=&#8221;&#8221; row_type=&#8221;row&#8221; use_row_as_full_screen_section=&#8221;no&#8221; type=&#8221;full_width&#8221; angled_section=&#8221;no&#8221; text_align=&#8221;left&#8221; background_image_as_pattern=&#8221;without_pattern&#8221;][vc_column][\/vc_column][\/vc_row][vc_row css_animation=&#8221;&#8221; row_type=&#8221;row&#8221; use_row_as_full_screen_section=&#8221;no&#8221; type=&#8221;full_width&#8221; angled_section=&#8221;no&#8221; text_align=&#8221;left&#8221; background_image_as_pattern=&#8221;without_pattern&#8221;][vc_column offset=&#8221;vc_hidden-lg vc_hidden-md&#8221;][vc_single_image image=&#8221;2668&#8243; img_size=&#8221;full&#8221; alignment=&#8221;right&#8221; qode_css_animation=&#8221;&#8221;][\/vc_column][\/vc_row]","og_url":"https:\/\/www.soniabenages.com\/en\/holi-soy-la-loli\/","og_site_name":"Sonia Benages","article_publisher":"https:\/\/www.facebook.com\/soniabenages","article_modified_time":"2020-05-03T15:55:33+00:00","og_image":[{"width":940,"height":1300,"url":"https:\/\/www.soniabenages.com\/wp-content\/uploads\/2020\/04\/sbenages-loli.jpg","type":"image\/jpeg"}],"twitter_card":"summary_large_image","twitter_site":"@soniabenages","twitter_misc":{"Est. reading time":"5 minutes"},"schema":{"@context":"https:\/\/schema.org","@graph":[{"@type":"WebPage","@id":"https:\/\/www.soniabenages.com\/en\/holi-soy-la-loli\/","url":"https:\/\/www.soniabenages.com\/en\/holi-soy-la-loli\/","name":"\u00a1Holi! Soy la Loli | Sonia Benages","isPartOf":{"@id":"https:\/\/www.soniabenages.com\/#website"},"datePublished":"2020-04-16T09:24:15+00:00","dateModified":"2020-05-03T15:55:33+00:00","breadcrumb":{"@id":"https:\/\/www.soniabenages.com\/en\/holi-soy-la-loli\/#breadcrumb"},"inLanguage":"en-US","potentialAction":[{"@type":"ReadAction","target":["https:\/\/www.soniabenages.com\/en\/holi-soy-la-loli\/"]}]},{"@type":"BreadcrumbList","@id":"https:\/\/www.soniabenages.com\/en\/holi-soy-la-loli\/#breadcrumb","itemListElement":[{"@type":"ListItem","position":1,"name":"Portada","item":"https:\/\/www.soniabenages.com\/en\/"},{"@type":"ListItem","position":2,"name":"\u00a1Holi! Soy la Loli"}]},{"@type":"WebSite","@id":"https:\/\/www.soniabenages.com\/#website","url":"https:\/\/www.soniabenages.com\/","name":"Sonia Benages","description":"Actriz \u00b7 Cantante \u00b7 ShowWoman \u00b7 Oficiante","potentialAction":[{"@type":"SearchAction","target":{"@type":"EntryPoint","urlTemplate":"https:\/\/www.soniabenages.com\/?s={search_term_string}"},"query-input":"required name=search_term_string"}],"inLanguage":"en-US"}]}},"_links":{"self":[{"href":"https:\/\/www.soniabenages.com\/en\/wp-json\/wp\/v2\/pages\/2708"}],"collection":[{"href":"https:\/\/www.soniabenages.com\/en\/wp-json\/wp\/v2\/pages"}],"about":[{"href":"https:\/\/www.soniabenages.com\/en\/wp-json\/wp\/v2\/types\/page"}],"author":[{"embeddable":true,"href":"https:\/\/www.soniabenages.com\/en\/wp-json\/wp\/v2\/users\/2"}],"replies":[{"embeddable":true,"href":"https:\/\/www.soniabenages.com\/en\/wp-json\/wp\/v2\/comments?post=2708"}],"version-history":[{"count":10,"href":"https:\/\/www.soniabenages.com\/en\/wp-json\/wp\/v2\/pages\/2708\/revisions"}],"predecessor-version":[{"id":2858,"href":"https:\/\/www.soniabenages.com\/en\/wp-json\/wp\/v2\/pages\/2708\/revisions\/2858"}],"wp:featuredmedia":[{"embeddable":true,"href":"https:\/\/www.soniabenages.com\/en\/wp-json\/wp\/v2\/media\/2988"}],"wp:attachment":[{"href":"https:\/\/www.soniabenages.com\/en\/wp-json\/wp\/v2\/media?parent=2708"}],"curies":[{"name":"wp","href":"https:\/\/api.w.org\/{rel}","templated":true}]}}