{"id":2707,"date":"2020-04-16T14:25:30","date_gmt":"2020-04-16T12:25:30","guid":{"rendered":"http:\/\/www.soniabenages.com\/oficiante-de-bodas\/"},"modified":"2020-05-03T17:55:40","modified_gmt":"2020-05-03T15:55:40","slug":"oficiante-de-bodas","status":"publish","type":"page","link":"https:\/\/www.soniabenages.com\/en\/oficiante-de-bodas\/","title":{"rendered":"Oficiante de bodas"},"content":{"rendered":"<p>[vc_row css_animation=&#8221;&#8221; row_type=&#8221;row&#8221; use_row_as_full_screen_section=&#8221;no&#8221; type=&#8221;full_width&#8221; angled_section=&#8221;no&#8221; text_align=&#8221;left&#8221; background_image_as_pattern=&#8221;without_pattern&#8221;][vc_column]<div class=\"qode-split-scrolling-section\">\n    <div class=\"qode-sss-ms-left\"><div class=\"qode-sss-ms-section lazyload\"  style=\"background-image:inherit;text-align: left\" data-bg-image=\"url(https:\/\/www.soniabenages.com\/wp-content\/uploads\/2020\/05\/sbenages-bodas-2-1.jpg)\">\n\t<\/div><\/div><div class=\"qode-sss-ms-right\"><div class=\"qode-sss-ms-section\"  style=\"padding: 5%;text-align: left\">\n\t[vc_single_image image=&#8221;2713&#8243; img_size=&#8221;full&#8221; alignment=&#8221;center&#8221; qode_css_animation=&#8221;&#8221;][vc_column_text]<\/p>\n<p style=\"text-align: justify;\">Desde el a\u00f1o 2015, Sonia Benages es una de las <span style=\"color: #e69742;\"><strong>oficiantes de boda m\u00e1s relevantes del pa\u00eds<\/strong><\/span>, y as\u00ed lo garantizan los galardones <span style=\"color: #e69742;\"><strong><em>Wedding Awards<\/em><\/strong><\/span> que ha ganado durante dos a\u00f1os consecutivos gracias a las excelentes recomendaciones de sus parejas. Sus <span style=\"color: #e69742;\"><strong>ceremonias son<\/strong> <strong>frescas, amenas y emotivas.<\/strong><\/span> Se caracterizan por estar llenas de<strong> humor, amor, sorpresas <\/strong>y de la<strong> naturalidad y espontaneidad tan propias de Sonia.<\/strong><\/p>\n<p style=\"text-align: justify;\">Sonia <span style=\"color: #e69742;\"><strong>crea y personaliza de forma exclusiva un gui\u00f3n-mon\u00f3lo<\/strong><strong>go de 40 minutos<\/strong><\/span> de duraci\u00f3n donde <strong>cuenta la historias de amor de las parejas<\/strong>: c\u00f3mo se conocieron, sus curiosidades, incluye a los seres queridos, \u00a1y hasta <span style=\"color: #e69742;\"><strong>personaliza divertidos regalos<\/strong><\/span> relacionado con las mejores an\u00e9cdotas <span style=\"color: #e69742;\"><strong>y los regala entre sus protagonistas!<\/strong><\/span><\/p>\n<p style=\"text-align: justify;\">Su objetivo es <strong>hacer sentir especial a sus protagonistas, familias y amig@s <\/strong>y poner toda su <strong>buena energ\u00eda para que ese d\u00eda sea inolvidable. <\/strong>Y adem\u00e1s de Oficiar la Ceremonia, Sonia tambi\u00e9n se encarga de <span style=\"color: #e69742;\"><strong>la animaci\u00f3n de toda la boda<\/strong><\/span>: para cautivar a l@s asistentes <strong>se aprende el nombre de todos l@s invitados y los dice de carrerilla<\/strong>, les<strong> entrevista<\/strong> entre plato y plato, coordina los <strong>regalos<\/strong>, <strong>canta <\/strong>durante el banquete y se implica de lleno para conseguir la m\u00e1xima felicidad.<\/p>\n<p style=\"text-align: justify;\">Sin duda, este oficio recoge a la perfecci\u00f3n el desparpajo, la alegr\u00eda y pasi\u00f3n por entretener que caracterizan a Sonia.<\/p>\n<p>[\/vc_column_text][vc_column_text]<\/p>\n<p style=\"text-align: center;\"><span class='q_social_icon_holder normal_social' data-color=#000 data-hover-color=#e25db0><a itemprop='url' href='https:\/\/www.facebook.com\/laoficiantedebodas' target='_blank'><i class=\"qode_icon_font_awesome fa fa-facebook fa-lg simple_social\" style=\"color: #000;margin: 0 10px 0 0;font-size: 25px;\" ><\/i><\/a><\/span> <span class='q_social_icon_holder normal_social' data-color=#000 data-hover-color=#e25db0><a itemprop='url' href='https:\/\/www.instagram.com\/laoficiantedebodas' target='_blank'><i class=\"qode_icon_font_awesome fa fa-instagram fa-lg simple_social\" style=\"color: #000;margin: 0 10px 0 0;font-size: 25px;\" ><\/i><\/a><\/span><\/p>\n<h2 style=\"text-align: center;\"><span style=\"color: #e69742;\"><span style=\"color: #000000;\"><a style=\"color: #000000;\" href=\"http:\/\/www.instagram.com\/laoficiantedebodas\">@LaOficianteDeBodas<\/a><\/span><a style=\"color: #e69742;\" href=\"http:\/\/www.laoficiantedebodas.com\" target=\"_blank\" rel=\"noopener noreferrer\"><br \/>\nVisitar Web Oficial<\/a><\/span><\/h2>\n<p>[\/vc_column_text][vc_empty_space height=&#8221;42px&#8221;][vc_video link=&#8221;https:\/\/www.youtube.com\/watch?v=5blY1qQtub8&amp;t=2s&#8221; align=&#8221;center&#8221;][vc_empty_space height=&#8221;42px&#8221;][vc_row_inner row_type=&#8221;row&#8221; type=&#8221;full_width&#8221; text_align=&#8221;left&#8221; css_animation=&#8221;&#8221;][vc_column_inner width=&#8221;1\/4&#8243;][vc_single_image image=&#8221;2716&#8243; img_size=&#8221;medium&#8221; alignment=&#8221;center&#8221; qode_css_animation=&#8221;&#8221;][\/vc_column_inner][vc_column_inner width=&#8221;1\/4&#8243;][vc_single_image image=&#8221;2718&#8243; img_size=&#8221;medium&#8221; alignment=&#8221;center&#8221; qode_css_animation=&#8221;&#8221;][\/vc_column_inner][vc_column_inner width=&#8221;1\/4&#8243;][vc_single_image image=&#8221;2720&#8243; img_size=&#8221;medium&#8221; alignment=&#8221;center&#8221; qode_css_animation=&#8221;&#8221;][\/vc_column_inner][vc_column_inner width=&#8221;1\/4&#8243;][vc_single_image image=&#8221;2722&#8243; img_size=&#8221;medium&#8221; alignment=&#8221;center&#8221; qode_css_animation=&#8221;&#8221;][\/vc_column_inner][\/vc_row_inner][vc_empty_space height=&#8221;10px&#8221;][vc_row_inner row_type=&#8221;row&#8221; type=&#8221;full_width&#8221; text_align=&#8221;left&#8221; css_animation=&#8221;&#8221;][vc_column_inner width=&#8221;1\/4&#8243;][vc_single_image image=&#8221;2724&#8243; img_size=&#8221;medium&#8221; alignment=&#8221;center&#8221; qode_css_animation=&#8221;&#8221;][\/vc_column_inner][vc_column_inner width=&#8221;1\/4&#8243;][vc_single_image image=&#8221;2726&#8243; img_size=&#8221;medium&#8221; alignment=&#8221;center&#8221; qode_css_animation=&#8221;&#8221;][\/vc_column_inner][vc_column_inner width=&#8221;1\/4&#8243;][vc_single_image image=&#8221;2728&#8243; img_size=&#8221;medium&#8221; alignment=&#8221;center&#8221; qode_css_animation=&#8221;&#8221;][\/vc_column_inner][vc_column_inner width=&#8221;1\/4&#8243;][vc_single_image image=&#8221;2730&#8243; img_size=&#8221;medium&#8221; alignment=&#8221;center&#8221; qode_css_animation=&#8221;&#8221;][\/vc_column_inner][\/vc_row_inner][vc_empty_space height=&#8221;42px&#8221;]<\/div><\/div><\/div>[\/vc_column][\/vc_row][vc_row css_animation=&#8221;&#8221; row_type=&#8221;row&#8221; use_row_as_full_screen_section=&#8221;no&#8221; type=&#8221;full_width&#8221; angled_section=&#8221;no&#8221; text_align=&#8221;left&#8221; background_image_as_pattern=&#8221;without_pattern&#8221;][vc_column offset=&#8221;vc_hidden-lg vc_hidden-md&#8221;][vc_single_image image=&#8221;2732&#8243; img_size=&#8221;full&#8221; alignment=&#8221;right&#8221; qode_css_animation=&#8221;&#8221;][\/vc_column][\/vc_row]<\/p>\n","protected":false},"excerpt":{"rendered":"<p>[vc_row css_animation=&#8221;&#8221; row_type=&#8221;row&#8221; use_row_as_full_screen_section=&#8221;no&#8221; type=&#8221;full_width&#8221; angled_section=&#8221;no&#8221; text_align=&#8221;left&#8221; background_image_as_pattern=&#8221;without_pattern&#8221;][vc_column][\/vc_column][\/vc_row][vc_row css_animation=&#8221;&#8221; row_type=&#8221;row&#8221; use_row_as_full_screen_section=&#8221;no&#8221; type=&#8221;full_width&#8221; angled_section=&#8221;no&#8221; text_align=&#8221;left&#8221; background_image_as_pattern=&#8221;without_pattern&#8221;][vc_column offset=&#8221;vc_hidden-lg vc_hidden-md&#8221;][vc_single_image image=&#8221;2732&#8243; img_size=&#8221;full&#8221; alignment=&#8221;right&#8221; qode_css_animation=&#8221;&#8221;][\/vc_column][\/vc_row]<\/p>\n","protected":false},"author":2,"featured_media":2974,"parent":0,"menu_order":0,"comment_status":"closed","ping_status":"closed","template":"full_width.php","meta":[],"yoast_head":"<!-- This site is optimized with the Yoast SEO plugin v21.1 - https:\/\/yoast.com\/wordpress\/plugins\/seo\/ -->\n<title>Oficiante de bodas | Sonia Benages<\/title>\n<meta name=\"robots\" content=\"index, follow, max-snippet:-1, max-image-preview:large, max-video-preview:-1\" \/>\n<link rel=\"canonical\" href=\"https:\/\/www.soniabenages.com\/en\/oficiante-de-bodas\/\" \/>\n<meta property=\"og:locale\" content=\"en_US\" \/>\n<meta property=\"og:type\" content=\"article\" \/>\n<meta property=\"og:title\" content=\"Oficiante de bodas | Sonia Benages\" \/>\n<meta property=\"og:description\" content=\"[vc_row css_animation=&#8221;&#8221; row_type=&#8221;row&#8221; use_row_as_full_screen_section=&#8221;no&#8221; type=&#8221;full_width&#8221; angled_section=&#8221;no&#8221; text_align=&#8221;left&#8221; background_image_as_pattern=&#8221;without_pattern&#8221;][vc_column][\/vc_column][\/vc_row][vc_row css_animation=&#8221;&#8221; row_type=&#8221;row&#8221; use_row_as_full_screen_section=&#8221;no&#8221; type=&#8221;full_width&#8221; angled_section=&#8221;no&#8221; text_align=&#8221;left&#8221; background_image_as_pattern=&#8221;without_pattern&#8221;][vc_column offset=&#8221;vc_hidden-lg vc_hidden-md&#8221;][vc_single_image image=&#8221;2732&#8243; img_size=&#8221;full&#8221; alignment=&#8221;right&#8221; qode_css_animation=&#8221;&#8221;][\/vc_column][\/vc_row]\" \/>\n<meta property=\"og:url\" content=\"https:\/\/www.soniabenages.com\/en\/oficiante-de-bodas\/\" \/>\n<meta property=\"og:site_name\" content=\"Sonia Benages\" \/>\n<meta property=\"article:publisher\" content=\"https:\/\/www.facebook.com\/soniabenages\" \/>\n<meta property=\"article:modified_time\" content=\"2020-05-03T15:55:40+00:00\" \/>\n<meta property=\"og:image\" content=\"https:\/\/www.soniabenages.com\/wp-content\/uploads\/2020\/04\/sbenages-bodas.jpg\" \/>\n\t<meta property=\"og:image:width\" content=\"1295\" \/>\n\t<meta property=\"og:image:height\" content=\"1300\" \/>\n\t<meta property=\"og:image:type\" content=\"image\/jpeg\" \/>\n<meta name=\"twitter:card\" content=\"summary_large_image\" \/>\n<meta name=\"twitter:site\" content=\"@soniabenages\" \/>\n<meta name=\"twitter:label1\" content=\"Est. reading time\" \/>\n\t<meta name=\"twitter:data1\" content=\"4 minutes\" \/>\n<script type=\"application\/ld+json\" class=\"yoast-schema-graph\">{\"@context\":\"https:\/\/schema.org\",\"@graph\":[{\"@type\":\"WebPage\",\"@id\":\"https:\/\/www.soniabenages.com\/en\/oficiante-de-bodas\/\",\"url\":\"https:\/\/www.soniabenages.com\/en\/oficiante-de-bodas\/\",\"name\":\"Oficiante de bodas | Sonia Benages\",\"isPartOf\":{\"@id\":\"https:\/\/www.soniabenages.com\/#website\"},\"datePublished\":\"2020-04-16T12:25:30+00:00\",\"dateModified\":\"2020-05-03T15:55:40+00:00\",\"breadcrumb\":{\"@id\":\"https:\/\/www.soniabenages.com\/en\/oficiante-de-bodas\/#breadcrumb\"},\"inLanguage\":\"en-US\",\"potentialAction\":[{\"@type\":\"ReadAction\",\"target\":[\"https:\/\/www.soniabenages.com\/en\/oficiante-de-bodas\/\"]}]},{\"@type\":\"BreadcrumbList\",\"@id\":\"https:\/\/www.soniabenages.com\/en\/oficiante-de-bodas\/#breadcrumb\",\"itemListElement\":[{\"@type\":\"ListItem\",\"position\":1,\"name\":\"Portada\",\"item\":\"https:\/\/www.soniabenages.com\/en\/\"},{\"@type\":\"ListItem\",\"position\":2,\"name\":\"Oficiante de bodas\"}]},{\"@type\":\"WebSite\",\"@id\":\"https:\/\/www.soniabenages.com\/#website\",\"url\":\"https:\/\/www.soniabenages.com\/\",\"name\":\"Sonia Benages\",\"description\":\"Actriz \u00b7 Cantante \u00b7 ShowWoman \u00b7 Oficiante\",\"potentialAction\":[{\"@type\":\"SearchAction\",\"target\":{\"@type\":\"EntryPoint\",\"urlTemplate\":\"https:\/\/www.soniabenages.com\/?s={search_term_string}\"},\"query-input\":\"required name=search_term_string\"}],\"inLanguage\":\"en-US\"}]}<\/script>\n<!-- \/ Yoast SEO plugin. -->","yoast_head_json":{"title":"Oficiante de bodas | Sonia Benages","robots":{"index":"index","follow":"follow","max-snippet":"max-snippet:-1","max-image-preview":"max-image-preview:large","max-video-preview":"max-video-preview:-1"},"canonical":"https:\/\/www.soniabenages.com\/en\/oficiante-de-bodas\/","og_locale":"en_US","og_type":"article","og_title":"Oficiante de bodas | Sonia Benages","og_description":"[vc_row css_animation=&#8221;&#8221; row_type=&#8221;row&#8221; use_row_as_full_screen_section=&#8221;no&#8221; type=&#8221;full_width&#8221; angled_section=&#8221;no&#8221; text_align=&#8221;left&#8221; background_image_as_pattern=&#8221;without_pattern&#8221;][vc_column][\/vc_column][\/vc_row][vc_row css_animation=&#8221;&#8221; row_type=&#8221;row&#8221; use_row_as_full_screen_section=&#8221;no&#8221; type=&#8221;full_width&#8221; angled_section=&#8221;no&#8221; text_align=&#8221;left&#8221; background_image_as_pattern=&#8221;without_pattern&#8221;][vc_column offset=&#8221;vc_hidden-lg vc_hidden-md&#8221;][vc_single_image image=&#8221;2732&#8243; img_size=&#8221;full&#8221; alignment=&#8221;right&#8221; qode_css_animation=&#8221;&#8221;][\/vc_column][\/vc_row]","og_url":"https:\/\/www.soniabenages.com\/en\/oficiante-de-bodas\/","og_site_name":"Sonia Benages","article_publisher":"https:\/\/www.facebook.com\/soniabenages","article_modified_time":"2020-05-03T15:55:40+00:00","og_image":[{"width":1295,"height":1300,"url":"https:\/\/www.soniabenages.com\/wp-content\/uploads\/2020\/04\/sbenages-bodas.jpg","type":"image\/jpeg"}],"twitter_card":"summary_large_image","twitter_site":"@soniabenages","twitter_misc":{"Est. reading time":"4 minutes"},"schema":{"@context":"https:\/\/schema.org","@graph":[{"@type":"WebPage","@id":"https:\/\/www.soniabenages.com\/en\/oficiante-de-bodas\/","url":"https:\/\/www.soniabenages.com\/en\/oficiante-de-bodas\/","name":"Oficiante de bodas | Sonia Benages","isPartOf":{"@id":"https:\/\/www.soniabenages.com\/#website"},"datePublished":"2020-04-16T12:25:30+00:00","dateModified":"2020-05-03T15:55:40+00:00","breadcrumb":{"@id":"https:\/\/www.soniabenages.com\/en\/oficiante-de-bodas\/#breadcrumb"},"inLanguage":"en-US","potentialAction":[{"@type":"ReadAction","target":["https:\/\/www.soniabenages.com\/en\/oficiante-de-bodas\/"]}]},{"@type":"BreadcrumbList","@id":"https:\/\/www.soniabenages.com\/en\/oficiante-de-bodas\/#breadcrumb","itemListElement":[{"@type":"ListItem","position":1,"name":"Portada","item":"https:\/\/www.soniabenages.com\/en\/"},{"@type":"ListItem","position":2,"name":"Oficiante de bodas"}]},{"@type":"WebSite","@id":"https:\/\/www.soniabenages.com\/#website","url":"https:\/\/www.soniabenages.com\/","name":"Sonia Benages","description":"Actriz \u00b7 Cantante \u00b7 ShowWoman \u00b7 Oficiante","potentialAction":[{"@type":"SearchAction","target":{"@type":"EntryPoint","urlTemplate":"https:\/\/www.soniabenages.com\/?s={search_term_string}"},"query-input":"required name=search_term_string"}],"inLanguage":"en-US"}]}},"_links":{"self":[{"href":"https:\/\/www.soniabenages.com\/en\/wp-json\/wp\/v2\/pages\/2707"}],"collection":[{"href":"https:\/\/www.soniabenages.com\/en\/wp-json\/wp\/v2\/pages"}],"about":[{"href":"https:\/\/www.soniabenages.com\/en\/wp-json\/wp\/v2\/types\/page"}],"author":[{"embeddable":true,"href":"https:\/\/www.soniabenages.com\/en\/wp-json\/wp\/v2\/users\/2"}],"replies":[{"embeddable":true,"href":"https:\/\/www.soniabenages.com\/en\/wp-json\/wp\/v2\/comments?post=2707"}],"version-history":[{"count":13,"href":"https:\/\/www.soniabenages.com\/en\/wp-json\/wp\/v2\/pages\/2707\/revisions"}],"predecessor-version":[{"id":2863,"href":"https:\/\/www.soniabenages.com\/en\/wp-json\/wp\/v2\/pages\/2707\/revisions\/2863"}],"wp:featuredmedia":[{"embeddable":true,"href":"https:\/\/www.soniabenages.com\/en\/wp-json\/wp\/v2\/media\/2974"}],"wp:attachment":[{"href":"https:\/\/www.soniabenages.com\/en\/wp-json\/wp\/v2\/media?parent=2707"}],"curies":[{"name":"wp","href":"https:\/\/api.w.org\/{rel}","templated":true}]}}