{"id":2349,"date":"2018-03-19T14:08:40","date_gmt":"2018-03-19T13:08:40","guid":{"rendered":"http:\/\/www.soniabenages.com\/showwoman\/"},"modified":"2025-02-01T17:34:19","modified_gmt":"2025-02-01T16:34:19","slug":"showwoman","status":"publish","type":"page","link":"https:\/\/www.soniabenages.com\/en\/showwoman\/","title":{"rendered":"Show-Woman"},"content":{"rendered":"<p>[vc_row css_animation=&#8221;&#8221; row_type=&#8221;row&#8221; use_row_as_full_screen_section=&#8221;no&#8221; type=&#8221;full_width&#8221; angled_section=&#8221;no&#8221; text_align=&#8221;left&#8221; background_image_as_pattern=&#8221;without_pattern&#8221;][vc_column]<div class=\"qode-split-scrolling-section\">\n    <div class=\"qode-sss-ms-left\"><div class=\"qode-sss-ms-section lazyload\"  style=\"background-image:inherit;text-align: left\" data-bg-image=\"url(https:\/\/www.soniabenages.com\/wp-content\/uploads\/2025\/01\/sonia-show.jpg)\">\n\t<\/div><\/div><div class=\"qode-sss-ms-right\"><div class=\"qode-sss-ms-section\"  style=\"padding: 5%;text-align: left\">\n\t[vc_single_image image=&#8221;2968&#8243; img_size=&#8221;full&#8221; alignment=&#8221;center&#8221; qode_css_animation=&#8221;&#8221;][vc_column_text]<\/p>\n<p style=\"text-align: justify\">A los 15 a\u00f1os, Sonia Benages ya empezaba a ser el alma de la fiesta en todos los <i>saraos\u2019<\/i> y as\u00ed fue c\u00f3mo empez\u00f3 a aprender a cautivar a todo tipo de p\u00fablicos.<\/p>\n<p class=\"p1\" style=\"text-align: justify\">En su <b>trayectoria<\/b> profesional como Show-Woman destacan la <b>direcci\u00f3n y presentaci\u00f3n<\/b> del espect\u00e1culo de variedad <b><i>Talents <\/i><\/b>y su trabajo como <b>Maestra de Ceremonias <\/b>de <b><i>El Mama &amp; La Papa<\/i><\/b>, un reconocido <b>gastro-cabaret <\/b>revelaci\u00f3n en Barcelona. Su funci\u00f3n: <b>entretene<\/b><strong>r<\/strong> a l@s asistentes,<b> presentar<\/b> las actuaciones y <b>coordinar<\/b> al equipo art\u00edstico.<\/p>\n<p class=\"p1\" style=\"text-align: justify\">El <b>secreto<\/b> de su animaci\u00f3n est\u00e1 en el <b>\u201ct\u00fa a t\u00fa\u201d <\/b>y en su<b> cercan\u00eda. <\/b>Sonia entabla una <b>relaci\u00f3n personalizada <\/b>para <b>conocer curiosidades <\/b>que utilizar\u00e1 de forma improvisada para hacerles part\u00edcipes y <b>construir una conexi\u00f3n \u00fanica <\/b>que mantendr\u00e1<b> activa la energ\u00eda y el ritmo <\/b>del show.<\/p>\n<p class=\"p1\" style=\"text-align: justify\">Sonia <b>adaptar\u00e1 la animaci\u00f3n a la tem\u00e1tica <\/b>del evento o celebraci\u00f3n, \u00a1y conseguir\u00e1<b> conquistar <\/b>al p\u00fablico meti\u00e9ndoselos en el bolsillo con<b> sus talentos m\u00e1s curiosos <\/b>gracias a ese <b>salero y espontaneidad <\/b>que la caracterizan!<\/p>\n<p>[\/vc_column_text][vc_empty_space][vc_row_inner row_type=&#8221;row&#8221; type=&#8221;full_width&#8221; text_align=&#8221;center&#8221; css_animation=&#8221;&#8221; use_row_as_full_screen_section_slide=&#8221;no&#8221;][vc_column_inner width=&#8221;1\/4&#8243;][vc_single_image image=&#8221;2552&#8243; img_size=&#8221;full&#8221; alignment=&#8221;center&#8221; qode_css_animation=&#8221;&#8221;][vc_empty_space height=&#8221;20px&#8221;][\/vc_column_inner][vc_column_inner width=&#8221;1\/2&#8243;][vc_empty_space height=&#8221;20px&#8221;][vc_column_text]<\/p>\n<h3><strong>APRENDER DE MEMORIA 180 NOMBRES EN 10 MINUTOS Y\u00a0 DECIRLOS DE CARRERILLA<\/strong><\/h3>\n<p class=\"p1\" style=\"text-align: center\">Sonia tiene un don: <b>memoriza 180 nombres del p\u00fablico<span class=\"Apple-converted-space\">\u00a0 <\/span>en 10 minutos y los repite del tir\u00f3n sin equivocarse. <\/b>\u00a1Todo el mundo quedar\u00e1 fascinad@!<\/p>\n<p>[\/vc_column_text][vc_empty_space height=&#8221;20px&#8221;][\/vc_column_inner][vc_column_inner width=&#8221;1\/4&#8243;][vc_single_image image=&#8221;2558&#8243; img_size=&#8221;full&#8221; alignment=&#8221;center&#8221; qode_css_animation=&#8221;&#8221;][vc_empty_space height=&#8221;20px&#8221;][\/vc_column_inner][\/vc_row_inner][vc_row_inner row_type=&#8221;row&#8221; type=&#8221;full_width&#8221; text_align=&#8221;center&#8221; css_animation=&#8221;&#8221; use_row_as_full_screen_section_slide=&#8221;no&#8221;][vc_column_inner width=&#8221;1\/4&#8243;][vc_single_image image=&#8221;2554&#8243; img_size=&#8221;full&#8221; alignment=&#8221;center&#8221; qode_css_animation=&#8221;&#8221;][vc_empty_space height=&#8221;20px&#8221;][\/vc_column_inner][vc_column_inner width=&#8221;1\/2&#8243;][vc_empty_space height=&#8221;20px&#8221;][vc_column_text]<\/p>\n<h3><strong>LIP &#8211; DUB \/ BINGO MUSICAL<\/strong><\/h3>\n<p class=\"p1\" style=\"text-align: center\">Baile con los brazos <i>(20\u201d y muy sencillo) <\/i>y\/o competici\u00f3n entre el p\u00fablico de breves canciones por sorpresa que mantendr\u00e1n la energ\u00eda despierta.<\/p>\n<p>[\/vc_column_text][vc_empty_space height=&#8221;20px&#8221;][\/vc_column_inner][vc_column_inner width=&#8221;1\/4&#8243;][vc_single_image image=&#8221;2560&#8243; img_size=&#8221;full&#8221; alignment=&#8221;center&#8221; qode_css_animation=&#8221;&#8221;][vc_empty_space height=&#8221;20px&#8221;][\/vc_column_inner][\/vc_row_inner][vc_row_inner row_type=&#8221;row&#8221; type=&#8221;full_width&#8221; text_align=&#8221;center&#8221; css_animation=&#8221;&#8221; use_row_as_full_screen_section_slide=&#8221;no&#8221;][vc_column_inner width=&#8221;1\/4&#8243;][vc_single_image image=&#8221;2556&#8243; img_size=&#8221;full&#8221; alignment=&#8221;center&#8221; qode_css_animation=&#8221;&#8221;][vc_empty_space height=&#8221;20px&#8221;][\/vc_column_inner][vc_column_inner width=&#8221;1\/2&#8243;][vc_empty_space height=&#8221;20px&#8221;][vc_column_text]<\/p>\n<h3><strong>CANTANTE<\/strong><\/h3>\n<p style=\"text-align: center\">Los mejores y m\u00edticos temas de los 80\u2019 en directo!<em> I Will Survive, The Best, \u00bfA Qui\u00e9n Le Importa?, Make You Feel My Love&#8230;<\/em><\/p>\n<p>[\/vc_column_text][vc_empty_space height=&#8221;20px&#8221;][\/vc_column_inner][vc_column_inner width=&#8221;1\/4&#8243;][vc_single_image image=&#8221;2562&#8243; img_size=&#8221;full&#8221; alignment=&#8221;center&#8221; qode_css_animation=&#8221;&#8221;][vc_empty_space height=&#8221;20px&#8221;][\/vc_column_inner][\/vc_row_inner][vc_empty_space height=&#8221;42px&#8221;][vc_video link=&#8221;https:\/\/www.youtube.com\/watch?v=Cib2n7yPaZI&#8221; align=&#8221;center&#8221;][vc_empty_space height=&#8221;42px&#8221;]<\/div><\/div><\/div>[\/vc_column][\/vc_row][vc_row css_animation=&#8221;&#8221; row_type=&#8221;row&#8221; use_row_as_full_screen_section=&#8221;no&#8221; type=&#8221;full_width&#8221; angled_section=&#8221;no&#8221; text_align=&#8221;left&#8221; background_image_as_pattern=&#8221;without_pattern&#8221;][vc_column offset=&#8221;vc_hidden-lg vc_hidden-md&#8221;][vc_single_image image=&#8221;2943&#8243; img_size=&#8221;full&#8221; qode_css_animation=&#8221;&#8221;][\/vc_column][\/vc_row]<\/p>\n","protected":false},"excerpt":{"rendered":"<p>[vc_row css_animation=&#8221;&#8221; row_type=&#8221;row&#8221; use_row_as_full_screen_section=&#8221;no&#8221; type=&#8221;full_width&#8221; angled_section=&#8221;no&#8221; text_align=&#8221;left&#8221; background_image_as_pattern=&#8221;without_pattern&#8221;][vc_column][\/vc_column][\/vc_row][vc_row css_animation=&#8221;&#8221; row_type=&#8221;row&#8221; use_row_as_full_screen_section=&#8221;no&#8221; type=&#8221;full_width&#8221; angled_section=&#8221;no&#8221; text_align=&#8221;left&#8221; background_image_as_pattern=&#8221;without_pattern&#8221;][vc_column offset=&#8221;vc_hidden-lg vc_hidden-md&#8221;][vc_single_image image=&#8221;2943&#8243; img_size=&#8221;full&#8221; qode_css_animation=&#8221;&#8221;][\/vc_column][\/vc_row]<\/p>\n","protected":false},"author":2,"featured_media":2944,"parent":0,"menu_order":0,"comment_status":"closed","ping_status":"closed","template":"full_width.php","meta":[],"yoast_head":"<!-- This site is optimized with the Yoast SEO plugin v21.1 - https:\/\/yoast.com\/wordpress\/plugins\/seo\/ -->\n<title>Show-Woman | Sonia Benages<\/title>\n<meta name=\"robots\" content=\"index, follow, max-snippet:-1, max-image-preview:large, max-video-preview:-1\" \/>\n<link rel=\"canonical\" href=\"https:\/\/www.soniabenages.com\/en\/showwoman\/\" \/>\n<meta property=\"og:locale\" content=\"en_US\" \/>\n<meta property=\"og:type\" content=\"article\" \/>\n<meta property=\"og:title\" content=\"Show-Woman | Sonia Benages\" \/>\n<meta property=\"og:description\" content=\"[vc_row css_animation=&#8221;&#8221; row_type=&#8221;row&#8221; use_row_as_full_screen_section=&#8221;no&#8221; type=&#8221;full_width&#8221; angled_section=&#8221;no&#8221; text_align=&#8221;left&#8221; background_image_as_pattern=&#8221;without_pattern&#8221;][vc_column][\/vc_column][\/vc_row][vc_row css_animation=&#8221;&#8221; row_type=&#8221;row&#8221; use_row_as_full_screen_section=&#8221;no&#8221; type=&#8221;full_width&#8221; angled_section=&#8221;no&#8221; text_align=&#8221;left&#8221; background_image_as_pattern=&#8221;without_pattern&#8221;][vc_column offset=&#8221;vc_hidden-lg vc_hidden-md&#8221;][vc_single_image image=&#8221;2943&#8243; img_size=&#8221;full&#8221; qode_css_animation=&#8221;&#8221;][\/vc_column][\/vc_row]\" \/>\n<meta property=\"og:url\" content=\"https:\/\/www.soniabenages.com\/en\/showwoman\/\" \/>\n<meta property=\"og:site_name\" content=\"Sonia Benages\" \/>\n<meta property=\"article:publisher\" content=\"https:\/\/www.facebook.com\/soniabenages\" \/>\n<meta property=\"article:modified_time\" content=\"2025-02-01T16:34:19+00:00\" \/>\n<meta property=\"og:image\" content=\"https:\/\/www.soniabenages.com\/wp-content\/uploads\/2025\/01\/sonia-show.jpg\" \/>\n\t<meta property=\"og:image:width\" content=\"1040\" \/>\n\t<meta property=\"og:image:height\" content=\"1350\" \/>\n\t<meta property=\"og:image:type\" content=\"image\/jpeg\" \/>\n<meta name=\"twitter:card\" content=\"summary_large_image\" \/>\n<meta name=\"twitter:site\" content=\"@soniabenages\" \/>\n<meta name=\"twitter:label1\" content=\"Est. reading time\" \/>\n\t<meta name=\"twitter:data1\" content=\"2 minutes\" \/>\n<script type=\"application\/ld+json\" class=\"yoast-schema-graph\">{\"@context\":\"https:\/\/schema.org\",\"@graph\":[{\"@type\":\"WebPage\",\"@id\":\"https:\/\/www.soniabenages.com\/en\/showwoman\/\",\"url\":\"https:\/\/www.soniabenages.com\/en\/showwoman\/\",\"name\":\"Show-Woman | Sonia Benages\",\"isPartOf\":{\"@id\":\"https:\/\/www.soniabenages.com\/#website\"},\"datePublished\":\"2018-03-19T13:08:40+00:00\",\"dateModified\":\"2025-02-01T16:34:19+00:00\",\"breadcrumb\":{\"@id\":\"https:\/\/www.soniabenages.com\/en\/showwoman\/#breadcrumb\"},\"inLanguage\":\"en-US\",\"potentialAction\":[{\"@type\":\"ReadAction\",\"target\":[\"https:\/\/www.soniabenages.com\/en\/showwoman\/\"]}]},{\"@type\":\"BreadcrumbList\",\"@id\":\"https:\/\/www.soniabenages.com\/en\/showwoman\/#breadcrumb\",\"itemListElement\":[{\"@type\":\"ListItem\",\"position\":1,\"name\":\"Portada\",\"item\":\"https:\/\/www.soniabenages.com\/en\/\"},{\"@type\":\"ListItem\",\"position\":2,\"name\":\"Show-Woman\"}]},{\"@type\":\"WebSite\",\"@id\":\"https:\/\/www.soniabenages.com\/#website\",\"url\":\"https:\/\/www.soniabenages.com\/\",\"name\":\"Sonia Benages\",\"description\":\"Actriz \u00b7 Cantante \u00b7 ShowWoman \u00b7 Oficiante\",\"potentialAction\":[{\"@type\":\"SearchAction\",\"target\":{\"@type\":\"EntryPoint\",\"urlTemplate\":\"https:\/\/www.soniabenages.com\/?s={search_term_string}\"},\"query-input\":\"required name=search_term_string\"}],\"inLanguage\":\"en-US\"}]}<\/script>\n<!-- \/ Yoast SEO plugin. -->","yoast_head_json":{"title":"Show-Woman | Sonia Benages","robots":{"index":"index","follow":"follow","max-snippet":"max-snippet:-1","max-image-preview":"max-image-preview:large","max-video-preview":"max-video-preview:-1"},"canonical":"https:\/\/www.soniabenages.com\/en\/showwoman\/","og_locale":"en_US","og_type":"article","og_title":"Show-Woman | Sonia Benages","og_description":"[vc_row css_animation=&#8221;&#8221; row_type=&#8221;row&#8221; use_row_as_full_screen_section=&#8221;no&#8221; type=&#8221;full_width&#8221; angled_section=&#8221;no&#8221; text_align=&#8221;left&#8221; background_image_as_pattern=&#8221;without_pattern&#8221;][vc_column][\/vc_column][\/vc_row][vc_row css_animation=&#8221;&#8221; row_type=&#8221;row&#8221; use_row_as_full_screen_section=&#8221;no&#8221; type=&#8221;full_width&#8221; angled_section=&#8221;no&#8221; text_align=&#8221;left&#8221; background_image_as_pattern=&#8221;without_pattern&#8221;][vc_column offset=&#8221;vc_hidden-lg vc_hidden-md&#8221;][vc_single_image image=&#8221;2943&#8243; img_size=&#8221;full&#8221; qode_css_animation=&#8221;&#8221;][\/vc_column][\/vc_row]","og_url":"https:\/\/www.soniabenages.com\/en\/showwoman\/","og_site_name":"Sonia Benages","article_publisher":"https:\/\/www.facebook.com\/soniabenages","article_modified_time":"2025-02-01T16:34:19+00:00","og_image":[{"width":1040,"height":1350,"url":"https:\/\/www.soniabenages.com\/wp-content\/uploads\/2025\/01\/sonia-show.jpg","type":"image\/jpeg"}],"twitter_card":"summary_large_image","twitter_site":"@soniabenages","twitter_misc":{"Est. reading time":"2 minutes"},"schema":{"@context":"https:\/\/schema.org","@graph":[{"@type":"WebPage","@id":"https:\/\/www.soniabenages.com\/en\/showwoman\/","url":"https:\/\/www.soniabenages.com\/en\/showwoman\/","name":"Show-Woman | Sonia Benages","isPartOf":{"@id":"https:\/\/www.soniabenages.com\/#website"},"datePublished":"2018-03-19T13:08:40+00:00","dateModified":"2025-02-01T16:34:19+00:00","breadcrumb":{"@id":"https:\/\/www.soniabenages.com\/en\/showwoman\/#breadcrumb"},"inLanguage":"en-US","potentialAction":[{"@type":"ReadAction","target":["https:\/\/www.soniabenages.com\/en\/showwoman\/"]}]},{"@type":"BreadcrumbList","@id":"https:\/\/www.soniabenages.com\/en\/showwoman\/#breadcrumb","itemListElement":[{"@type":"ListItem","position":1,"name":"Portada","item":"https:\/\/www.soniabenages.com\/en\/"},{"@type":"ListItem","position":2,"name":"Show-Woman"}]},{"@type":"WebSite","@id":"https:\/\/www.soniabenages.com\/#website","url":"https:\/\/www.soniabenages.com\/","name":"Sonia Benages","description":"Actriz \u00b7 Cantante \u00b7 ShowWoman \u00b7 Oficiante","potentialAction":[{"@type":"SearchAction","target":{"@type":"EntryPoint","urlTemplate":"https:\/\/www.soniabenages.com\/?s={search_term_string}"},"query-input":"required name=search_term_string"}],"inLanguage":"en-US"}]}},"_links":{"self":[{"href":"https:\/\/www.soniabenages.com\/en\/wp-json\/wp\/v2\/pages\/2349"}],"collection":[{"href":"https:\/\/www.soniabenages.com\/en\/wp-json\/wp\/v2\/pages"}],"about":[{"href":"https:\/\/www.soniabenages.com\/en\/wp-json\/wp\/v2\/types\/page"}],"author":[{"embeddable":true,"href":"https:\/\/www.soniabenages.com\/en\/wp-json\/wp\/v2\/users\/2"}],"replies":[{"embeddable":true,"href":"https:\/\/www.soniabenages.com\/en\/wp-json\/wp\/v2\/comments?post=2349"}],"version-history":[{"count":26,"href":"https:\/\/www.soniabenages.com\/en\/wp-json\/wp\/v2\/pages\/2349\/revisions"}],"predecessor-version":[{"id":2972,"href":"https:\/\/www.soniabenages.com\/en\/wp-json\/wp\/v2\/pages\/2349\/revisions\/2972"}],"wp:featuredmedia":[{"embeddable":true,"href":"https:\/\/www.soniabenages.com\/en\/wp-json\/wp\/v2\/media\/2944"}],"wp:attachment":[{"href":"https:\/\/www.soniabenages.com\/en\/wp-json\/wp\/v2\/media?parent=2349"}],"curies":[{"name":"wp","href":"https:\/\/api.w.org\/{rel}","templated":true}]}}