{"id":1848,"date":"2016-07-25T10:36:25","date_gmt":"2016-07-25T08:36:25","guid":{"rendered":"http:\/\/www.soniabenages.com\/bio\/?lang=en"},"modified":"2020-05-03T17:56:12","modified_gmt":"2020-05-03T15:56:12","slug":"bio","status":"publish","type":"page","link":"https:\/\/www.soniabenages.com\/en\/bio\/","title":{"rendered":"Bio | Curr\u00edculum"},"content":{"rendered":"<p>[vc_row css_animation=&#8221;&#8221; row_type=&#8221;row&#8221; use_row_as_full_screen_section=&#8221;no&#8221; type=&#8221;full_width&#8221; angled_section=&#8221;no&#8221; text_align=&#8221;left&#8221; background_image_as_pattern=&#8221;without_pattern&#8221;][vc_column]<div class=\"qode-split-scrolling-section\">\n    <div class=\"qode-sss-ms-left\"><div class=\"qode-sss-ms-section lazyload\"  style=\"background-image:inherit;text-align: left\" data-bg-image=\"url(https:\/\/www.soniabenages.com\/wp-content\/uploads\/2020\/05\/sbenages-bio-2-1.jpg)\">\n\t<\/div><\/div><div class=\"qode-sss-ms-right\"><div class=\"qode-sss-ms-section\"  style=\"padding: 5%;text-align: left\">\n\t[vc_column_text]<\/p>\n<p style=\"text-align: justify;\"><strong>Sonia Benages<\/strong> (Barcelona, 14 de Octubre de 1989) es una <a href=\"https:\/\/www.youtube.com\/watch?v=Xy9soJZIPDs\" target=\"_blank\" rel=\"noopener noreferrer\"><strong>actriz,<\/strong><\/a> <a href=\"https:\/\/www.youtube.com\/watch?v=hCO3e_5ev08\" target=\"_blank\" rel=\"noopener noreferrer\"><strong>cantante<\/strong><\/a> y <a href=\"https:\/\/www.youtube.com\/watch?v=Cib2n7yPaZI\" target=\"_blank\" rel=\"noopener noreferrer\"><strong>show-woman<\/strong><\/a> singularizada por su <strong>desparpajo, espontaneidad <\/strong>y <strong>car\u00e1cter todoterreno<\/strong>. Su pasi\u00f3n es entretener y desde que era una ni\u00f1a se dedica profesionalmente a su vocaci\u00f3n.<\/p>\n<p style=\"text-align: justify;\">Formada con la carrera de <strong>Comedia Musical<\/strong> en la <em>Escuela Coco Comin<\/em>, Sonia trabaja en <strong>diferentes \u00e1mbitos del mundo del espect\u00e1culo<\/strong>: <a href=\"https:\/\/www.youtube.com\/watch?v=Cib2n7yPaZI\" target=\"_blank\" rel=\"noopener noreferrer\"><strong>presenta varios cabarets y actos como show-woman<\/strong><\/a> (algunos ante m\u00e1s de 30.000 espectadores); <a href=\"http:\/\/www.laoficiantedebodas.com\" target=\"_blank\" rel=\"noopener noreferrer\"><strong>oficia ceremonias de boda<\/strong><\/a> <em>(<\/em><a href=\"http:\/\/www.laoficiantedebodas.com\" target=\"_blank\" rel=\"noopener noreferrer\"><em>www.laoficiantedebodas.com<\/em><\/a><em>), <\/em>sector en el que goza de una extensa y reputada trayectoria y donde, durante dos a\u00f1os seguidos, ha ganado un reconocido premio a la mejor oficiante del pa\u00eds; <a href=\"https:\/\/www.youtube.com\/watch?v=exfl5VacdPA\" target=\"_blank\" rel=\"noopener noreferrer\"><strong>realiza conciertos en solitario<\/strong><\/a><strong> y produce y dirige espect\u00e1culos art\u00edsticos.<\/strong><\/p>\n<p style=\"text-align: justify;\">Sonia ha sido la presentadora de grandes eventos como <strong><em>Les Festes de la Merc\u00e8,<\/em><\/strong> en Barcelona, concretamente el <strong><em>MAC Festival <\/em><\/strong>en el Castillo de Montju\u00efc, el <em>Festival CirCorts<\/em>, el <em>Gran Combinado de Circo Las Dunas, el Aniversario de la Cruz Roja, <\/em>el campeonato mundial de nataci\u00f3n sincronizada <em>Swimming World Series<\/em> o el <em>Festival Cartas a Andaluc\u00eda<\/em>, en el Teatro Gran V\u00eda Phillips, en Madrid. Tambi\u00e9n ha sido la <strong>maestra de ceremonias<\/strong> del cabaret music show <strong><em>El Mama &amp; La Papa<\/em><\/strong> y del espect\u00e1culo <strong><em>Talents in Caf\u00e9 Noir.<\/em><\/strong><\/p>\n<p style=\"text-align: justify;\">Con una amplia experiencia en la comedia, Sonia tambi\u00e9n es conocida por interpretar a <a href=\"http:\/\/www.holisoylaloli.com\" target=\"_blank\" rel=\"noopener noreferrer\"><strong><em>\u00a1Holi! Soy Loli<\/em><\/strong><\/a>, un personaje muy alegre y alocado con el que transmite energ\u00eda positiva al p\u00fablico y con el que ha sido <a href=\"https:\/\/www.facebook.com\/holisoylaloli\/videos\/729538507252215\/\" target=\"_blank\" rel=\"noopener noreferrer\"><strong>Semifinalista del concurso Got Talent<\/strong><\/a>; protagonista del <strong>videoclip <\/strong><a href=\"https:\/\/www.youtube.com\/watch?v=RCNX0KVdXso\" target=\"_blank\" rel=\"noopener noreferrer\"><strong><em>Caroline<\/em><\/strong><\/a><strong>, de<em> Los Mojinos Escoc\u00edos <\/em><\/strong>y colaboradora del magazine televisivo de Antonio Hidalgo, <a href=\"https:\/\/youtu.be\/6-XM8xPSAk8\" target=\"_blank\" rel=\"noopener noreferrer\"><strong><em>Ailoviu<\/em><\/strong><\/a>, en La7TV de Murcia. El personaje de <a href=\"http:\/\/www.holisoylaloli.com\" target=\"_blank\" rel=\"noopener noreferrer\"><strong><em>\u00a1Holi! Soy Loli<\/em><\/strong><\/a> acumula una <strong>relevante trayectoria en Internet<\/strong> con m\u00e1s de <a href=\"http:\/\/www.youtube.com\/holisoylaloli\" target=\"_blank\" rel=\"noopener noreferrer\"><strong>25.000 seguidores<\/strong><\/a> y una gira espa\u00f1ola como humorista.\u2028Bajo el alter-ego de <em>La Loli<\/em>, Sonia ha lanzado a la venta sus propias canciones <a href=\"https:\/\/www.youtube.com\/watch?v=95UVxabr6Yg\" target=\"_blank\" rel=\"noopener noreferrer\"><strong><em>Me Tienes En El Bote <\/em><\/strong><\/a>y <a href=\"https:\/\/open.spotify.com\/track\/01pfSv6yX93fQRwzo6Kcbw?si=9Tct2dXKQ-WRJwFoIs359A\" target=\"_blank\" rel=\"noopener noreferrer\"><strong><em>Bonita Soy<\/em><\/strong><\/a>, producidas por Kitflus, productor de Serrat, y una l\u00ednea de camisetas, <strong><em>#BonitaSoy, <\/em><\/strong>con la que comparte la importancia de ser aut\u00e9ntico\/a y de quererse a uno\/a mismo\/a.<\/p>\n<p style=\"text-align: justify;\">En <strong>televisi\u00f3n<\/strong> ha participado como Jurado Popular en <em>\u00a1T\u00fa s\u00ed que vales! <\/em>y ha sido Semifinalista de programas como <em>Cantamania <\/em>y <em>KaraokeClub<\/em>, de TV3. Ha colaborado en varias <strong>series de ficci\u00f3n<\/strong>, como la webserie<em> I LOVE \u00dc<\/em> o <em>Manda Webs!<\/em>, y en <strong>cortometrajes <\/strong>como <em>De Viaje<\/em> o <em>Barbie Cam<\/em>. En el <strong>\u00e1mbito teatral <\/strong>la hemos podido ver en <em>Cuento Atr\u00e1s,<\/em> <em>Acuerdo de m\u00ednimos<\/em> y <em>Se busca n\u00famero para futuro beb\u00e9<\/em>; y en la <strong>radio <\/strong>en <em>Los Cuentos del Lobo, &#8211; <\/em>con Miguel <em>El Sevilla <\/em>-, <em>Universo Youtuber <\/em>o <em>Som Radio<\/em>.<\/p>\n<p style=\"text-align: justify;\">Actualmente podemos ver a Sonia compaginando sus facetas art\u00edsticas con el \u00fanico objetivo de entretener al p\u00fablico compartiendo <strong>la pasi\u00f3n y entusiasmo que le caracterizan.<\/strong><\/p>\n<p>[\/vc_column_text][vc_empty_space height=&#8221;42px&#8221;][vc_row_inner row_type=&#8221;row&#8221; type=&#8221;full_width&#8221; text_align=&#8221;center&#8221; css_animation=&#8221;&#8221; use_row_as_full_screen_section_slide=&#8221;no&#8221;][vc_column_inner width=&#8221;1\/2&#8243;]<a  itemprop=\"url\" href=\"\/wp-content\/uploads\/2020\/03\/CV_SoniaBenages_2020.pdf\" target=\"_blank\"  class=\"qbutton  large default\" style=\"\">Descargar CV<\/a>[vc_empty_space height=&#8221;20px&#8221;][\/vc_column_inner][vc_column_inner width=&#8221;1\/2&#8243;]<a  itemprop=\"url\" href=\"\/wp-content\/uploads\/2020\/03\/Dossier_SoniaBenages_2020.pdf\" target=\"_blank\"  class=\"qbutton  large default\" style=\"\">Descargar Dossier<\/a>[vc_empty_space height=&#8221;20px&#8221;][\/vc_column_inner][\/vc_row_inner]<\/div><\/div><\/div>[\/vc_column][\/vc_row][vc_row css_animation=&#8221;&#8221; row_type=&#8221;row&#8221; use_row_as_full_screen_section=&#8221;no&#8221; type=&#8221;full_width&#8221; angled_section=&#8221;no&#8221; text_align=&#8221;left&#8221; background_image_as_pattern=&#8221;without_pattern&#8221;][vc_column offset=&#8221;vc_hidden-lg vc_hidden-md&#8221;][vc_single_image image=&#8221;2825&#8243; img_size=&#8221;full&#8221; alignment=&#8221;center&#8221; qode_css_animation=&#8221;&#8221;][\/vc_column][\/vc_row]<\/p>\n","protected":false},"excerpt":{"rendered":"<p>[vc_row css_animation=&#8221;&#8221; row_type=&#8221;row&#8221; use_row_as_full_screen_section=&#8221;no&#8221; type=&#8221;full_width&#8221; angled_section=&#8221;no&#8221; text_align=&#8221;left&#8221; background_image_as_pattern=&#8221;without_pattern&#8221;][vc_column][\/vc_column][\/vc_row][vc_row css_animation=&#8221;&#8221; row_type=&#8221;row&#8221; use_row_as_full_screen_section=&#8221;no&#8221; type=&#8221;full_width&#8221; angled_section=&#8221;no&#8221; text_align=&#8221;left&#8221; background_image_as_pattern=&#8221;without_pattern&#8221;][vc_column offset=&#8221;vc_hidden-lg vc_hidden-md&#8221;][vc_single_image image=&#8221;2825&#8243; img_size=&#8221;full&#8221; alignment=&#8221;center&#8221; qode_css_animation=&#8221;&#8221;][\/vc_column][\/vc_row]<\/p>\n","protected":false},"author":2,"featured_media":2461,"parent":0,"menu_order":0,"comment_status":"closed","ping_status":"closed","template":"full_width.php","meta":[],"yoast_head":"<!-- This site is optimized with the Yoast SEO plugin v21.1 - https:\/\/yoast.com\/wordpress\/plugins\/seo\/ -->\n<title>Bio | Curr\u00edculum | Sonia Benages<\/title>\n<meta name=\"description\" content=\"Sonia Benages S\u00e1nchez (Barcelona, 14 de Octubre de 1989) es una actriz y cantante catalana singularizada por su desparpajo y espontaneidad.\" \/>\n<meta name=\"robots\" content=\"index, follow, max-snippet:-1, max-image-preview:large, max-video-preview:-1\" \/>\n<link rel=\"canonical\" href=\"https:\/\/www.soniabenages.com\/en\/bio\/\" \/>\n<meta property=\"og:locale\" content=\"en_US\" \/>\n<meta property=\"og:type\" content=\"article\" \/>\n<meta property=\"og:title\" content=\"Bio | Curr\u00edculum | Sonia Benages\" \/>\n<meta property=\"og:description\" content=\"Sonia Benages S\u00e1nchez (Barcelona, 14 de Octubre de 1989) es una actriz y cantante catalana singularizada por su desparpajo y espontaneidad.\" \/>\n<meta property=\"og:url\" content=\"https:\/\/www.soniabenages.com\/en\/bio\/\" \/>\n<meta property=\"og:site_name\" content=\"Sonia Benages\" \/>\n<meta property=\"article:publisher\" content=\"https:\/\/www.facebook.com\/soniabenages\" \/>\n<meta property=\"article:modified_time\" content=\"2020-05-03T15:56:12+00:00\" \/>\n<meta property=\"og:image\" content=\"https:\/\/www.soniabenages.com\/wp-content\/uploads\/2020\/03\/sbenages-bio.jpg\" \/>\n\t<meta property=\"og:image:width\" content=\"2500\" \/>\n\t<meta property=\"og:image:height\" content=\"1767\" \/>\n\t<meta property=\"og:image:type\" content=\"image\/jpeg\" \/>\n<meta name=\"twitter:card\" content=\"summary_large_image\" \/>\n<meta name=\"twitter:site\" content=\"@soniabenages\" \/>\n<meta name=\"twitter:label1\" content=\"Est. reading time\" \/>\n\t<meta name=\"twitter:data1\" content=\"4 minutes\" \/>\n<script type=\"application\/ld+json\" class=\"yoast-schema-graph\">{\"@context\":\"https:\/\/schema.org\",\"@graph\":[{\"@type\":\"WebPage\",\"@id\":\"https:\/\/www.soniabenages.com\/en\/bio\/\",\"url\":\"https:\/\/www.soniabenages.com\/en\/bio\/\",\"name\":\"Bio | Curr\u00edculum | Sonia Benages\",\"isPartOf\":{\"@id\":\"https:\/\/www.soniabenages.com\/#website\"},\"datePublished\":\"2016-07-25T08:36:25+00:00\",\"dateModified\":\"2020-05-03T15:56:12+00:00\",\"description\":\"Sonia Benages S\u00e1nchez (Barcelona, 14 de Octubre de 1989) es una actriz y cantante catalana singularizada por su desparpajo y espontaneidad.\",\"breadcrumb\":{\"@id\":\"https:\/\/www.soniabenages.com\/en\/bio\/#breadcrumb\"},\"inLanguage\":\"en-US\",\"potentialAction\":[{\"@type\":\"ReadAction\",\"target\":[\"https:\/\/www.soniabenages.com\/en\/bio\/\"]}]},{\"@type\":\"BreadcrumbList\",\"@id\":\"https:\/\/www.soniabenages.com\/en\/bio\/#breadcrumb\",\"itemListElement\":[{\"@type\":\"ListItem\",\"position\":1,\"name\":\"Portada\",\"item\":\"https:\/\/www.soniabenages.com\/en\/\"},{\"@type\":\"ListItem\",\"position\":2,\"name\":\"Bio | Curr\u00edculum\"}]},{\"@type\":\"WebSite\",\"@id\":\"https:\/\/www.soniabenages.com\/#website\",\"url\":\"https:\/\/www.soniabenages.com\/\",\"name\":\"Sonia Benages\",\"description\":\"Actriz \u00b7 Cantante \u00b7 ShowWoman \u00b7 Oficiante\",\"potentialAction\":[{\"@type\":\"SearchAction\",\"target\":{\"@type\":\"EntryPoint\",\"urlTemplate\":\"https:\/\/www.soniabenages.com\/?s={search_term_string}\"},\"query-input\":\"required name=search_term_string\"}],\"inLanguage\":\"en-US\"}]}<\/script>\n<!-- \/ Yoast SEO plugin. -->","yoast_head_json":{"title":"Bio | Curr\u00edculum | Sonia Benages","description":"Sonia Benages S\u00e1nchez (Barcelona, 14 de Octubre de 1989) es una actriz y cantante catalana singularizada por su desparpajo y espontaneidad.","robots":{"index":"index","follow":"follow","max-snippet":"max-snippet:-1","max-image-preview":"max-image-preview:large","max-video-preview":"max-video-preview:-1"},"canonical":"https:\/\/www.soniabenages.com\/en\/bio\/","og_locale":"en_US","og_type":"article","og_title":"Bio | Curr\u00edculum | Sonia Benages","og_description":"Sonia Benages S\u00e1nchez (Barcelona, 14 de Octubre de 1989) es una actriz y cantante catalana singularizada por su desparpajo y espontaneidad.","og_url":"https:\/\/www.soniabenages.com\/en\/bio\/","og_site_name":"Sonia Benages","article_publisher":"https:\/\/www.facebook.com\/soniabenages","article_modified_time":"2020-05-03T15:56:12+00:00","og_image":[{"width":2500,"height":1767,"url":"https:\/\/www.soniabenages.com\/wp-content\/uploads\/2020\/03\/sbenages-bio.jpg","type":"image\/jpeg"}],"twitter_card":"summary_large_image","twitter_site":"@soniabenages","twitter_misc":{"Est. reading time":"4 minutes"},"schema":{"@context":"https:\/\/schema.org","@graph":[{"@type":"WebPage","@id":"https:\/\/www.soniabenages.com\/en\/bio\/","url":"https:\/\/www.soniabenages.com\/en\/bio\/","name":"Bio | Curr\u00edculum | Sonia Benages","isPartOf":{"@id":"https:\/\/www.soniabenages.com\/#website"},"datePublished":"2016-07-25T08:36:25+00:00","dateModified":"2020-05-03T15:56:12+00:00","description":"Sonia Benages S\u00e1nchez (Barcelona, 14 de Octubre de 1989) es una actriz y cantante catalana singularizada por su desparpajo y espontaneidad.","breadcrumb":{"@id":"https:\/\/www.soniabenages.com\/en\/bio\/#breadcrumb"},"inLanguage":"en-US","potentialAction":[{"@type":"ReadAction","target":["https:\/\/www.soniabenages.com\/en\/bio\/"]}]},{"@type":"BreadcrumbList","@id":"https:\/\/www.soniabenages.com\/en\/bio\/#breadcrumb","itemListElement":[{"@type":"ListItem","position":1,"name":"Portada","item":"https:\/\/www.soniabenages.com\/en\/"},{"@type":"ListItem","position":2,"name":"Bio | Curr\u00edculum"}]},{"@type":"WebSite","@id":"https:\/\/www.soniabenages.com\/#website","url":"https:\/\/www.soniabenages.com\/","name":"Sonia Benages","description":"Actriz \u00b7 Cantante \u00b7 ShowWoman \u00b7 Oficiante","potentialAction":[{"@type":"SearchAction","target":{"@type":"EntryPoint","urlTemplate":"https:\/\/www.soniabenages.com\/?s={search_term_string}"},"query-input":"required name=search_term_string"}],"inLanguage":"en-US"}]}},"_links":{"self":[{"href":"https:\/\/www.soniabenages.com\/en\/wp-json\/wp\/v2\/pages\/1848"}],"collection":[{"href":"https:\/\/www.soniabenages.com\/en\/wp-json\/wp\/v2\/pages"}],"about":[{"href":"https:\/\/www.soniabenages.com\/en\/wp-json\/wp\/v2\/types\/page"}],"author":[{"embeddable":true,"href":"https:\/\/www.soniabenages.com\/en\/wp-json\/wp\/v2\/users\/2"}],"replies":[{"embeddable":true,"href":"https:\/\/www.soniabenages.com\/en\/wp-json\/wp\/v2\/comments?post=1848"}],"version-history":[{"count":10,"href":"https:\/\/www.soniabenages.com\/en\/wp-json\/wp\/v2\/pages\/1848\/revisions"}],"predecessor-version":[{"id":2864,"href":"https:\/\/www.soniabenages.com\/en\/wp-json\/wp\/v2\/pages\/1848\/revisions\/2864"}],"wp:featuredmedia":[{"embeddable":true,"href":"https:\/\/www.soniabenages.com\/en\/wp-json\/wp\/v2\/media\/2461"}],"wp:attachment":[{"href":"https:\/\/www.soniabenages.com\/en\/wp-json\/wp\/v2\/media?parent=1848"}],"curies":[{"name":"wp","href":"https:\/\/api.w.org\/{rel}","templated":true}]}}